{"id":254,"date":"2021-05-12T04:59:15","date_gmt":"2021-05-12T07:59:15","guid":{"rendered":"http:\/\/apenastassi.com.br\/index.php\/about\/"},"modified":"2025-07-07T13:53:32","modified_gmt":"2025-07-07T16:53:32","slug":"about","status":"publish","type":"page","link":"https:\/\/apenastassi.com.br\/index.php\/about\/","title":{"rendered":"Mais Sobre"},"content":{"rendered":"\n<div class=\"wp-block-cover alignfull has-parallax\" style=\"min-height:550px;aspect-ratio:unset;\"><span aria-hidden=\"true\" class=\"wp-block-cover__background has-background-dim-100 has-background-dim wp-block-cover__gradient-background has-background-gradient\" style=\"background:linear-gradient(180deg,rgba(30,26,35,0.5) 0%,rgb(29,25,34) 95%)\"><\/span><div class=\"wp-block-cover__image-background wp-image-375 has-parallax\" style=\"background-position:50% 50%;background-image:url(http:\/\/apenastassi.com.br\/wp-content\/uploads\/2021\/09\/IMG_0885-scaled.jpg)\"><\/div><div class=\"wp-block-cover__inner-container is-layout-flow wp-block-cover-is-layout-flow\">\n<h1 class=\"wp-block-heading has-text-align-center has-text-color\" style=\"color:#efa765\">Sobre Tassi<\/h1>\n<\/div><\/div>\n\n\n\n<div class=\"wp-block-group alignfull is-layout-flow wp-block-group-is-layout-flow\">\n<div class=\"wp-block-group alignwide is-layout-flow wp-block-group-is-layout-flow\">\n<figure class=\"wp-block-image aligncenter size-large is-resized\"><img loading=\"lazy\" decoding=\"async\" width=\"693\" height=\"1024\" src=\"http:\/\/apenastassi.com.br\/wp-content\/uploads\/2022\/12\/IMG_20221217_230911-693x1024.jpg\" alt=\"\" class=\"wp-image-515\" style=\"width:520px;height:768px\" srcset=\"https:\/\/apenastassi.com.br\/wp-content\/uploads\/2022\/12\/IMG_20221217_230911-693x1024.jpg 693w, https:\/\/apenastassi.com.br\/wp-content\/uploads\/2022\/12\/IMG_20221217_230911-203x300.jpg 203w, https:\/\/apenastassi.com.br\/wp-content\/uploads\/2022\/12\/IMG_20221217_230911-768x1135.jpg 768w, https:\/\/apenastassi.com.br\/wp-content\/uploads\/2022\/12\/IMG_20221217_230911-1039x1536.jpg 1039w, https:\/\/apenastassi.com.br\/wp-content\/uploads\/2022\/12\/IMG_20221217_230911-1385x2048.jpg 1385w, https:\/\/apenastassi.com.br\/wp-content\/uploads\/2022\/12\/IMG_20221217_230911-scaled.jpg 1732w\" sizes=\"(max-width: 693px) 100vw, 693px\" \/><\/figure>\n<\/div>\n\n\n\n<div class=\"wp-block-columns alignwide is-layout-flex wp-container-core-columns-is-layout-1 wp-block-columns-is-layout-flex\">\n<div class=\"wp-block-column is-layout-flow wp-block-column-is-layout-flow\" style=\"flex-basis:33.33%\">\n<h2 class=\"wp-block-heading\">Hist\u00f3rico<\/h2>\n<\/div>\n\n\n\n<div class=\"wp-block-column is-vertically-aligned-bottom is-layout-flow wp-block-column-is-layout-flow\" style=\"flex-basis:66.66%\">\n<h4 class=\"wp-block-heading\">Origem<\/h4>\n\n\n\n<p>Nascida no interior do Rio Grande do Sul, ao sul do Brasil, em uma cidade cinzenta e hist\u00f3rica no dia 11 de maio de 1996. Quando crian\u00e7a, ouviu belas hist\u00f3rias sobre os pontos tur\u00edsticos da cidade e, ao crescer, conheceu a verdadeira hist\u00f3ria sombria, cruel e amaldi\u00e7oada do local. Assim, em 2018, Tassi foi co-autora no trabalho premiado pelo Sesc S\u00e3o Paulo, &#8220;Os Sussurros silenciados pela hist\u00f3ria do sal ao a\u00e7\u00facar&#8221; no Semin\u00e1rio Internacional de Turismo.<\/p>\n\n\n\n<p><br>N\u00e3o s\u00f3 de sua cidade de nascimento veio o olhar para a escurid\u00e3o. Nascida e criada em um bairro marcado pela desigualdade e viol\u00eancia, onde crimes e mortes eram parte do cotidiano. Por outro lado, foi criada em um lar carinhoso e com plena liberdade para se expressar, filha de uma psic\u00f3loga m\u00e3e solo, sua grande inspira\u00e7\u00e3o, e com outros 2 irm\u00e3os e uma irm\u00e3. A filha do meio, sempre foi uma crian\u00e7a quieta, introspectiva e cheia de mundos criativos e fantasiosos.<\/p>\n\n\n\n<p><br>Com 11 anos come\u00e7ou a escrever, com 14 escreveu o manuscrito de seu primeiro livro, &#8220;Aqueles Que N\u00e3o Partiram&#8221;, publicado em 2014. No mesmo ano se formou no ensino m\u00e9dio como T\u00e9cnica em Vestu\u00e1rio pelo Instituto Federal Sul Rio-Grandense, Campus Pelotas, Visconde da Gra\u00e7a. No ano seguinte, ingressou na faculdade de Cinema e Audiovisual, na Universidade Federal de Pelotas, formando-se no ano de 2019. Desde ent\u00e3o, dedica-se as diversas linguagens art\u00edsticas, trabalhando com Audiovisual e sempre encontrando tempo para sua paix\u00e3o, a escrita.<\/p>\n\n\n\n<p><br>A partir de 2019 encontrou sua voz e resolveu reescrever trabalhos antigos, publicar novos e apresentar mais de seu mundo obscuro. Atualmente publica contos e trabalha em seu projeto &#8220;A Esperan\u00e7a se Esconde Atr\u00e1s de um V\u00e9u de Mentiras&#8221;. Para conhecer mais sobre ele ou seus outros trabalhos, siga a autora nas redes sociais.<\/p>\n<\/div>\n<\/div>\n<\/div>\n\n\n\n<div class=\"wp-block-cover alignfull has-parallax\" style=\"min-height:500px;aspect-ratio:unset;\"><span aria-hidden=\"true\" class=\"wp-block-cover__background has-background-dim-60 has-background-dim\" style=\"background-color:#1d1922\"><\/span><div class=\"wp-block-cover__image-background wp-image-440 has-parallax\" style=\"background-position:50% 50%;background-image:url(http:\/\/apenastassi.com.br\/wp-content\/uploads\/2021\/09\/Rodape-talvez--scaled.jpg)\"><\/div><div class=\"wp-block-cover__inner-container is-layout-flow wp-block-cover-is-layout-flow\">\n<p class=\"has-text-align-center has-large-font-size\"><\/p>\n<\/div><\/div>\n","protected":false},"excerpt":{"rendered":"<p>Hist\u00f3rico Origem Nascida no interior do Rio Grande do Sul, ao sul do Brasil, em uma cidade cinzenta e hist\u00f3rica no dia 11 de maio de 1996. Quando crian\u00e7a, ouviu belas hist\u00f3rias sobre os pontos tur\u00edsticos da cidade e, ao crescer, conheceu a verdadeira hist\u00f3ria sombria, cruel e amaldi\u00e7oada do local. Assim, em 2018, Tassi [&hellip;]<\/p>\n","protected":false},"author":1,"featured_media":0,"parent":0,"menu_order":0,"comment_status":"closed","ping_status":"closed","template":"","meta":{"_uag_custom_page_level_css":"","_monsterinsights_skip_tracking":false,"_monsterinsights_sitenote_active":false,"_monsterinsights_sitenote_note":"","_monsterinsights_sitenote_category":0,"site-sidebar-layout":"no-sidebar","site-content-layout":"plain-container","ast-site-content-layout":"normal-width-container","site-content-style":"unboxed","site-sidebar-style":"unboxed","ast-global-header-display":"","ast-banner-title-visibility":"","ast-main-header-display":"","ast-hfb-above-header-display":"","ast-hfb-below-header-display":"","ast-hfb-mobile-header-display":"","site-post-title":"disabled","ast-breadcrumbs-content":"","ast-featured-img":"","footer-sml-layout":"","theme-transparent-header-meta":"enabled","adv-header-id-meta":"","stick-header-meta":"","header-above-stick-meta":"","header-main-stick-meta":"","header-below-stick-meta":"","astra-migrate-meta-layouts":"set","ast-page-background-enabled":"default","ast-page-background-meta":{"desktop":{"background-color":"","background-image":"","background-repeat":"repeat","background-position":"center center","background-size":"auto","background-attachment":"scroll","background-type":"","background-media":"","overlay-type":"","overlay-color":"","overlay-opacity":"","overlay-gradient":""},"tablet":{"background-color":"","background-image":"","background-repeat":"repeat","background-position":"center center","background-size":"auto","background-attachment":"scroll","background-type":"","background-media":"","overlay-type":"","overlay-color":"","overlay-opacity":"","overlay-gradient":""},"mobile":{"background-color":"","background-image":"","background-repeat":"repeat","background-position":"center center","background-size":"auto","background-attachment":"scroll","background-type":"","background-media":"","overlay-type":"","overlay-color":"","overlay-opacity":"","overlay-gradient":""}},"ast-content-background-meta":{"desktop":{"background-color":"var(--ast-global-color-5)","background-image":"","background-repeat":"repeat","background-position":"center center","background-size":"auto","background-attachment":"scroll","background-type":"","background-media":"","overlay-type":"","overlay-color":"","overlay-opacity":"","overlay-gradient":""},"tablet":{"background-color":"var(--ast-global-color-5)","background-image":"","background-repeat":"repeat","background-position":"center center","background-size":"auto","background-attachment":"scroll","background-type":"","background-media":"","overlay-type":"","overlay-color":"","overlay-opacity":"","overlay-gradient":""},"mobile":{"background-color":"var(--ast-global-color-5)","background-image":"","background-repeat":"repeat","background-position":"center center","background-size":"auto","background-attachment":"scroll","background-type":"","background-media":"","overlay-type":"","overlay-color":"","overlay-opacity":"","overlay-gradient":""}},"footnotes":""},"class_list":["post-254","page","type-page","status-publish","hentry"],"uagb_featured_image_src":{"full":false,"thumbnail":false,"medium":false,"medium_large":false,"large":false,"1536x1536":false,"2048x2048":false},"uagb_author_info":{"display_name":"theocassuriaga@gmail.com","author_link":"https:\/\/apenastassi.com.br\/index.php\/author\/theocassuriagagmail-com\/"},"uagb_comment_info":0,"uagb_excerpt":"Hist\u00f3rico Origem Nascida no interior do Rio Grande do Sul, ao sul do Brasil, em uma cidade cinzenta e hist\u00f3rica no dia 11 de maio de 1996. Quando crian\u00e7a, ouviu belas hist\u00f3rias sobre os pontos tur\u00edsticos da cidade e, ao crescer, conheceu a verdadeira hist\u00f3ria sombria, cruel e amaldi\u00e7oada do local. Assim, em 2018, Tassi&hellip;","_links":{"self":[{"href":"https:\/\/apenastassi.com.br\/index.php\/wp-json\/wp\/v2\/pages\/254"}],"collection":[{"href":"https:\/\/apenastassi.com.br\/index.php\/wp-json\/wp\/v2\/pages"}],"about":[{"href":"https:\/\/apenastassi.com.br\/index.php\/wp-json\/wp\/v2\/types\/page"}],"author":[{"embeddable":true,"href":"https:\/\/apenastassi.com.br\/index.php\/wp-json\/wp\/v2\/users\/1"}],"replies":[{"embeddable":true,"href":"https:\/\/apenastassi.com.br\/index.php\/wp-json\/wp\/v2\/comments?post=254"}],"version-history":[{"count":5,"href":"https:\/\/apenastassi.com.br\/index.php\/wp-json\/wp\/v2\/pages\/254\/revisions"}],"predecessor-version":[{"id":566,"href":"https:\/\/apenastassi.com.br\/index.php\/wp-json\/wp\/v2\/pages\/254\/revisions\/566"}],"wp:attachment":[{"href":"https:\/\/apenastassi.com.br\/index.php\/wp-json\/wp\/v2\/media?parent=254"}],"curies":[{"name":"wp","href":"https:\/\/api.w.org\/{rel}","templated":true}]}}